{"id":38094,"date":"2024-02-15T13:16:26","date_gmt":"2024-02-15T13:16:26","guid":{"rendered":"https:\/\/losencajeros.es\/producto\/mantel-de-damasco-toile-de-jouy\/"},"modified":"2024-02-26T15:24:57","modified_gmt":"2024-02-26T15:24:57","slug":"toile-de-jouy-jacquard-tablecloth","status":"publish","type":"product","link":"https:\/\/losencajeros.es\/en\/product\/toile-de-jouy-jacquard-tablecloth\/","title":{"rendered":"Toile de Jouy Jacquard Tablecloth"},"content":{"rendered":"<p>El mantel de Toile-de-Jouy, con su aspecto jacquard hist\u00f3rico, nos transporta en un viaje a trav\u00e9s del tiempo de vuelta al siglo XVIII. Con sus t\u00edpicos motivos de paisajes campestres rom\u00e1nticos, este dise\u00f1o personifica el estilo rococ\u00f3 franc\u00e9s. La Toile-de-Jouy es muy adecuado para espacios ligeros y aireados de estilo campestre, pero tambi\u00e9n introduce un toque alegre y terrenal en espacios modernos.<\/p>\n<p>Este mantel se confecciona en algod\u00f3n de alta calidad en el tama\u00f1o que elijas y se termina con un dobladillo de 10 cent\u00edmetros de ancho y esquinas ingleteadas.<\/p>\n<p>Recomendamos que el mantel tenga una ca\u00edda de al menos 30cms por cada lado.<\/p>\n<p>The Toile-de-Jouy tablecloth, with its historical jacquard look, takes us on a journey through time back to the 18th century. With its typical motifs of romantic country scenery, this design personifies the French Rococo style. Toile-de-Jouy is very well suited to light and airy, country-style spaces but also introduces a cheerful, down-to-earth touch to modern spaces.<\/p>\n<p>This tablecloth is made from high-quality cotton in the size you choose and finished with a 10 cm \/ 12&#8243; wide hem and mitred corners.<\/p>\n<p>We recommend that the tablecloth has a drop of at least 30 cm \/ 12&#8243; on each side.<\/p>\n<p>&nbsp;<\/p>\n","protected":false},"excerpt":{"rendered":"<p>Jacquard cotton tablecloth with Toile-de-Jouy design.<\/p>\n","protected":false},"featured_media":34980,"template":"","meta":{"_acf_changed":false},"product_cat":[3511,1659,1717],"product_tag":[3544,3523,3548],"giftcard-category":[],"class_list":{"0":"post-38094","1":"product","2":"type-product","3":"status-publish","4":"has-post-thumbnail","6":"product_cat-jacquard-tablecloths","7":"product_cat-final-sale","8":"product_cat-table-linens","9":"product_tag-mantel-damasco-en","10":"product_tag-mantel-jacquard-en","11":"product_tag-mantel-jacquard-toile-de-jouy-en","12":"pa_medidas-servilletas-50x50-en","13":"pa_medidas-napkin-22-x-22","14":"pa_medidas-mantel-rectangular-180x250-en","15":"pa_medidas-mantel-rectangular-180x300-en","16":"pa_medidas-mantel-rectangular-180x350-en","17":"pa_medidas-mantel-rectangular-220x400-en","18":"pa_medidas-mantel-rectangular-220x450-en","19":"pa_medidas-mantel-rectangular-220x500-en","20":"pa_medidas-mantel-rectangular-220x550-en","21":"pa_medidas-mantel-redondo-180-en","22":"pa_medidas-mantel-redondo-220-en","23":"pa_medidas-mantel-redondo-260-en","24":"pa_medidas-square-tablecloth-71-x-71","25":"pa_medidas-mantel-cuadrado-220-en","26":"pa_medidas-mantel-cuadrado-260-en","28":"first","29":"onbackorder","30":"taxable","31":"shipping-taxable","32":"purchasable","33":"product-type-variable"},"bundled_by":[],"bundle_stock_status":"onbackorder","bundle_stock_quantity":null,"bundle_virtual":false,"bundle_layout":"","bundle_add_to_cart_form_location":"","bundle_editable_in_cart":false,"bundle_sold_individually_context":"","bundle_item_grouping":"","bundle_min_size":"","bundle_max_size":"","bundle_price":[],"bundled_items":[],"bundle_sell_ids":[],"exclude_global_add_ons":false,"addons":[{"name":"Iniciales para bordar en servilleta (precio\/unidad)","type":"custom_text","position":0,"required":false,"title_format":"label","default":"","description_enable":false,"description":"","placeholder_enable":false,"placeholder":"","display":"select","restrictions_type":"any_text","adjust_price":true,"price":"18","price_type":"quantity_based","restrictions":true,"min":"0","max":"3","options":[]},{"name":"Type of font","type":"multiple_choice","position":1,"required":true,"title_format":"label","default":"","description_enable":false,"description":"","placeholder_enable":false,"placeholder":"","display":"images","restrictions_type":"any_text","adjust_price":false,"price":"","price_type":"flat_fee","restrictions":false,"min":"0","max":"0","options":[{"label":"Diamond","price":"","price_type":"flat_fee","image":31521,"visibility":true},{"label":"Circle Border","price":"","price_type":"flat_fee","image":31519,"visibility":true},{"label":"Vine","price":"","price_type":"flat_fee","image":31523,"visibility":true},{"label":"Modern","price":"","price_type":"flat_fee","image":31525,"visibility":true},{"label":"Standard Times","price":"","price_type":"flat_fee","image":31527,"visibility":true},{"label":"Classic","price":"","price_type":"flat_fee","image":31529,"visibility":true}]},{"name":"Color","type":"multiple_choice","position":2,"required":true,"title_format":"label","default":"","description_enable":false,"description":"","placeholder_enable":false,"placeholder":"","display":"images","restrictions_type":"any_text","adjust_price":false,"price":"","price_type":"flat_fee","restrictions":false,"min":"0","max":"0","options":[{"label":"Blanco natural","price":"","price_type":"flat_fee","image":40182,"visibility":true},{"label":"Al tono del mantel","price":"","price_type":"flat_fee","image":40359,"visibility":true}]},{"name":"\u00bfLO QUIERES PARA REGALO?","type":"checkbox","position":0,"required":false,"title_format":"label","default":"","description_enable":false,"description":"","placeholder_enable":false,"placeholder":"","display":"select","restrictions_type":"any_text","adjust_price":false,"price":"","price_type":"flat_fee","restrictions":false,"min":"0","max":"0","options":[{"label":"si","price":"5","price_type":"flat_fee","image":0,"visibility":true}]},{"name":"Type of size","type":"multiple_choice","position":0,"required":true,"title_format":"label","default":"","description_enable":false,"description":"","placeholder_enable":false,"placeholder":"","display":"radiobutton","restrictions_type":"any_text","adjust_price":false,"price":"","price_type":"flat_fee","restrictions":false,"min":"0","max":"0","options":[{"label":"EUROPEAN SIZES","price":"","price_type":"flat_fee","image":0,"visibility":true},{"label":"AMERICAN SIZES","price":"","price_type":"flat_fee","image":0,"visibility":true}]}],"acf":[],"yoast_head":"<!-- This site is optimized with the Yoast SEO plugin v27.1.1 - https:\/\/yoast.com\/product\/yoast-seo-wordpress\/ -->\n<title>Toile de Jouy Jacquard Tablecloth | Los Encajeros<\/title>\n<meta name=\"description\" content=\"Jacquard cotton tablecloth with Toile-de-Jouy design.\" \/>\n<meta name=\"robots\" content=\"index, follow, max-snippet:-1, max-image-preview:large, max-video-preview:-1\" \/>\n<link rel=\"canonical\" href=\"https:\/\/losencajeros.es\/en\/product\/toile-de-jouy-jacquard-tablecloth\/\" \/>\n<meta property=\"og:locale\" content=\"en_US\" \/>\n<meta property=\"og:type\" content=\"article\" \/>\n<meta property=\"og:title\" content=\"Toile de Jouy Jacquard Tablecloth | Los Encajeros\" \/>\n<meta property=\"og:description\" content=\"Jacquard cotton tablecloth with Toile-de-Jouy design.\" \/>\n<meta property=\"og:url\" content=\"https:\/\/losencajeros.es\/en\/product\/toile-de-jouy-jacquard-tablecloth\/\" \/>\n<meta property=\"og:site_name\" content=\"Los Encajeros\" \/>\n<meta property=\"article:modified_time\" content=\"2024-02-26T15:24:57+00:00\" \/>\n<meta property=\"og:image\" content=\"https:\/\/losencajeros.es\/wp-content\/uploads\/2024\/02\/21346TT_800x800.png\" \/>\n\t<meta property=\"og:image:width\" content=\"800\" \/>\n\t<meta property=\"og:image:height\" content=\"753\" \/>\n\t<meta property=\"og:image:type\" content=\"image\/png\" \/>\n<meta name=\"twitter:card\" content=\"summary_large_image\" \/>\n<meta name=\"twitter:label1\" content=\"Est. reading time\" \/>\n\t<meta name=\"twitter:data1\" content=\"1 minute\" \/>\n<!-- \/ Yoast SEO plugin. -->","yoast_head_json":{"title":"Toile de Jouy Jacquard Tablecloth | Los Encajeros","description":"Jacquard cotton tablecloth with Toile-de-Jouy design.","robots":{"index":"index","follow":"follow","max-snippet":"max-snippet:-1","max-image-preview":"max-image-preview:large","max-video-preview":"max-video-preview:-1"},"canonical":"https:\/\/losencajeros.es\/en\/product\/toile-de-jouy-jacquard-tablecloth\/","og_locale":"en_US","og_type":"article","og_title":"Toile de Jouy Jacquard Tablecloth | Los Encajeros","og_description":"Jacquard cotton tablecloth with Toile-de-Jouy design.","og_url":"https:\/\/losencajeros.es\/en\/product\/toile-de-jouy-jacquard-tablecloth\/","og_site_name":"Los Encajeros","article_modified_time":"2024-02-26T15:24:57+00:00","og_image":[{"width":800,"height":753,"url":"https:\/\/losencajeros.es\/wp-content\/uploads\/2024\/02\/21346TT_800x800.png","type":"image\/png"}],"twitter_card":"summary_large_image","twitter_misc":{"Est. reading time":"1 minute"},"schema":{"@context":"https:\/\/schema.org","@graph":[{"@type":"WebPage","@id":"https:\/\/losencajeros.es\/en\/product\/toile-de-jouy-jacquard-tablecloth\/","url":"https:\/\/losencajeros.es\/en\/product\/toile-de-jouy-jacquard-tablecloth\/","name":"Toile de Jouy Jacquard Tablecloth | Los Encajeros","isPartOf":{"@id":"https:\/\/losencajeros.es\/#website"},"primaryImageOfPage":{"@id":"https:\/\/losencajeros.es\/en\/product\/toile-de-jouy-jacquard-tablecloth\/#primaryimage"},"image":{"@id":"https:\/\/losencajeros.es\/en\/product\/toile-de-jouy-jacquard-tablecloth\/#primaryimage"},"thumbnailUrl":"https:\/\/losencajeros.es\/wp-content\/uploads\/2024\/02\/21346TT_800x800.png","datePublished":"2024-02-15T13:16:26+00:00","dateModified":"2024-02-26T15:24:57+00:00","description":"Jacquard cotton tablecloth with Toile-de-Jouy design.","breadcrumb":{"@id":"https:\/\/losencajeros.es\/en\/product\/toile-de-jouy-jacquard-tablecloth\/#breadcrumb"},"inLanguage":"en-US","potentialAction":[{"@type":"ReadAction","target":["https:\/\/losencajeros.es\/en\/product\/toile-de-jouy-jacquard-tablecloth\/"]}]},{"@type":"ImageObject","inLanguage":"en-US","@id":"https:\/\/losencajeros.es\/en\/product\/toile-de-jouy-jacquard-tablecloth\/#primaryimage","url":"https:\/\/losencajeros.es\/wp-content\/uploads\/2024\/02\/21346TT_800x800.png","contentUrl":"https:\/\/losencajeros.es\/wp-content\/uploads\/2024\/02\/21346TT_800x800.png","width":800,"height":753,"caption":"mantel toile de jpuy leitner"},{"@type":"BreadcrumbList","@id":"https:\/\/losencajeros.es\/en\/product\/toile-de-jouy-jacquard-tablecloth\/#breadcrumb","itemListElement":[{"@type":"ListItem","position":1,"name":"Portada","item":"https:\/\/losencajeros.es\/"},{"@type":"ListItem","position":2,"name":"Shop","item":"https:\/\/losencajeros.es\/shop\/"},{"@type":"ListItem","position":3,"name":"Toile de Jouy Jacquard Tablecloth"}]},{"@type":"WebSite","@id":"https:\/\/losencajeros.es\/#website","url":"https:\/\/losencajeros.es\/","name":"Los Encajeros","description":"Referente de elegancia y buen gusto a la hora de dise\u00f1ar y confeccionar ropa de mesa y cama","publisher":{"@id":"https:\/\/losencajeros.es\/#organization"},"potentialAction":[{"@type":"SearchAction","target":{"@type":"EntryPoint","urlTemplate":"https:\/\/losencajeros.es\/?s={search_term_string}"},"query-input":{"@type":"PropertyValueSpecification","valueRequired":true,"valueName":"search_term_string"}}],"inLanguage":"en-US"},{"@type":"Organization","@id":"https:\/\/losencajeros.es\/#organization","name":"Los Encajeros","url":"https:\/\/losencajeros.es\/","logo":{"@type":"ImageObject","inLanguage":"en-US","@id":"https:\/\/losencajeros.es\/#\/schema\/logo\/image\/","url":"https:\/\/losencajeros.es\/wp-content\/uploads\/2022\/01\/Logo-Encajeros-2026.png","contentUrl":"https:\/\/losencajeros.es\/wp-content\/uploads\/2022\/01\/Logo-Encajeros-2026.png","width":6245,"height":2188,"caption":"Los Encajeros"},"image":{"@id":"https:\/\/losencajeros.es\/#\/schema\/logo\/image\/"}}]}},"_links":{"self":[{"href":"https:\/\/losencajeros.es\/en\/wp-json\/wp\/v2\/product\/38094","targetHints":{"allow":["GET"]}}],"collection":[{"href":"https:\/\/losencajeros.es\/en\/wp-json\/wp\/v2\/product"}],"about":[{"href":"https:\/\/losencajeros.es\/en\/wp-json\/wp\/v2\/types\/product"}],"version-history":[{"count":0,"href":"https:\/\/losencajeros.es\/en\/wp-json\/wp\/v2\/product\/38094\/revisions"}],"wp:featuredmedia":[{"embeddable":true,"href":"https:\/\/losencajeros.es\/en\/wp-json\/wp\/v2\/media\/34980"}],"wp:attachment":[{"href":"https:\/\/losencajeros.es\/en\/wp-json\/wp\/v2\/media?parent=38094"}],"wp:term":[{"taxonomy":"product_cat","embeddable":true,"href":"https:\/\/losencajeros.es\/en\/wp-json\/wp\/v2\/product_cat?post=38094"},{"taxonomy":"product_tag","embeddable":true,"href":"https:\/\/losencajeros.es\/en\/wp-json\/wp\/v2\/product_tag?post=38094"},{"taxonomy":"giftcard-category","embeddable":true,"href":"https:\/\/losencajeros.es\/en\/wp-json\/wp\/v2\/giftcard-category?post=38094"}],"curies":[{"name":"wp","href":"https:\/\/api.w.org\/{rel}","templated":true}]}}